{"id":4528,"date":"2020-06-19T17:15:38","date_gmt":"2020-06-19T15:15:38","guid":{"rendered":"https:\/\/www.recycled-rubber-powder.com\/?page_id=4528"},"modified":"2020-07-13T08:11:21","modified_gmt":"2020-07-13T06:11:21","slug":"our-team","status":"publish","type":"page","link":"https:\/\/www.recycled-rubber-powder.com\/fr\/our-team\/","title":{"rendered":"Our Team"},"content":{"rendered":"\t\t<div data-elementor-type=\"wp-page\" data-elementor-id=\"4528\" class=\"elementor elementor-4528\">\n\t\t\t\t\t\t<section class=\"elementor-section elementor-top-section elementor-element elementor-element-724b1a5 elementor-section-stretched elementor-section-boxed elementor-section-height-default elementor-section-height-default\" data-id=\"724b1a5\" data-element_type=\"section\" data-settings=\"{&quot;stretch_section&quot;:&quot;section-stretched&quot;,&quot;background_background&quot;:&quot;classic&quot;}\">\n\t\t\t\t\t\t<div class=\"elementor-container elementor-column-gap-default\">\n\t\t\t\t\t<div class=\"elementor-column elementor-col-100 elementor-top-column elementor-element elementor-element-421bb87\" data-id=\"421bb87\" data-element_type=\"column\">\n\t\t\t<div class=\"elementor-widget-wrap elementor-element-populated\">\n\t\t\t\t\t\t<div class=\"elementor-element elementor-element-1ead078 elementor-widget elementor-widget-image\" data-id=\"1ead078\" data-element_type=\"widget\" data-widget_type=\"image.default\">\n\t\t\t\t<div class=\"elementor-widget-container\">\n\t\t\t\t\t\t\t\t\t\t\t\t\t\t\t<img fetchpriority=\"high\" decoding=\"async\" width=\"773\" height=\"257\" src=\"https:\/\/www.recycled-rubber-powder.com\/wp-content\/uploads\/2020\/04\/BANNER-PAGINA-TEAM.jpg\" class=\"attachment-large size-large wp-image-2788\" alt=\"\" srcset=\"https:\/\/www.recycled-rubber-powder.com\/wp-content\/uploads\/2020\/04\/BANNER-PAGINA-TEAM.jpg 773w, https:\/\/www.recycled-rubber-powder.com\/wp-content\/uploads\/2020\/04\/BANNER-PAGINA-TEAM-300x100.jpg 300w, https:\/\/www.recycled-rubber-powder.com\/wp-content\/uploads\/2020\/04\/BANNER-PAGINA-TEAM-768x255.jpg 768w\" sizes=\"(max-width: 773px) 100vw, 773px\" \/>\t\t\t\t\t\t\t\t\t\t\t\t\t\t\t<\/div>\n\t\t\t\t<\/div>\n\t\t\t\t<section class=\"elementor-section elementor-inner-section elementor-element elementor-element-970a68b elementor-section-boxed elementor-section-height-default elementor-section-height-default\" data-id=\"970a68b\" data-element_type=\"section\">\n\t\t\t\t\t\t<div class=\"elementor-container elementor-column-gap-default\">\n\t\t\t\t\t<div class=\"elementor-column elementor-col-50 elementor-inner-column elementor-element elementor-element-57f1de9\" data-id=\"57f1de9\" data-element_type=\"column\">\n\t\t\t<div class=\"elementor-widget-wrap elementor-element-populated\">\n\t\t\t\t\t\t<div class=\"elementor-element elementor-element-9f22619 elementor-widget elementor-widget-spacer\" data-id=\"9f22619\" data-element_type=\"widget\" data-widget_type=\"spacer.default\">\n\t\t\t\t<div class=\"elementor-widget-container\">\n\t\t\t\t\t\t\t<div class=\"elementor-spacer\">\n\t\t\t<div class=\"elementor-spacer-inner\"><\/div>\n\t\t<\/div>\n\t\t\t\t\t\t<\/div>\n\t\t\t\t<\/div>\n\t\t\t\t<div class=\"elementor-element elementor-element-055a0f1 divider_yes elementor-widget elementor-widget-wgl-double-headings\" data-id=\"055a0f1\" data-element_type=\"widget\" data-widget_type=\"wgl-double-headings.default\">\n\t\t\t\t<div class=\"elementor-widget-container\">\n\t\t\t\t\t<div class=\"wgl-double_heading aleft\">\t\t\t\t<h2 class=\"dbl-title_wrapper\"><span class=\"dbl-title dbl-title_1\">Nous r\u00e9pondons \u00e0 tous vos besoins! avec notre poudre de caoutchouc recycl\u00e9<\/span> \t\t\t\t<\/h2><span class=\"dbl-title dbl-bg_text\">Team<\/span> \t\t<\/div>\t\t\t\t<\/div>\n\t\t\t\t<\/div>\n\t\t\t\t<div class=\"elementor-element elementor-element-28461e5 elementor-widget elementor-widget-text-editor\" data-id=\"28461e5\" data-element_type=\"widget\" data-widget_type=\"text-editor.default\">\n\t\t\t\t<div class=\"elementor-widget-container\">\n\t\t\t\t\t\t\t\t\t<p align=\"JUSTIFY\">Trente ans de passion pour l&#8217;\u00e9conomie verte ne sont pas seulement le slogan de notre entreprise &#8230; nous consid\u00e9rons le vert comme un style de vie et la passion qui nous conduit \u00e0 nous tourner vers un avenir de plus en plus riche en ressources \u00e9co-durables.<\/p><p><img decoding=\"async\" class=\"alignnone wp-image-2448\" src=\"http:\/\/tires.amsweb.it\/wp-content\/uploads\/2020\/04\/certificato-300x213.jpg\" alt=\"\" width=\"600\" height=\"427\" srcset=\"https:\/\/www.recycled-rubber-powder.com\/wp-content\/uploads\/2020\/04\/certificato-300x213.jpg 300w, https:\/\/www.recycled-rubber-powder.com\/wp-content\/uploads\/2020\/04\/certificato-1024x728.jpg 1024w, https:\/\/www.recycled-rubber-powder.com\/wp-content\/uploads\/2020\/04\/certificato-768x546.jpg 768w, https:\/\/www.recycled-rubber-powder.com\/wp-content\/uploads\/2020\/04\/certificato-1080x768.jpg 1080w, https:\/\/www.recycled-rubber-powder.com\/wp-content\/uploads\/2020\/04\/certificato.jpg 1246w\" sizes=\"(max-width: 600px) 100vw, 600px\" \/><\/p>\t\t\t\t\t\t\t\t<\/div>\n\t\t\t\t<\/div>\n\t\t\t\t\t<\/div>\n\t\t<\/div>\n\t\t\t\t<div class=\"elementor-column elementor-col-50 elementor-inner-column elementor-element elementor-element-464ef10\" data-id=\"464ef10\" data-element_type=\"column\" data-settings=\"{&quot;background_background&quot;:&quot;classic&quot;}\">\n\t\t\t<div class=\"elementor-widget-wrap elementor-element-populated\">\n\t\t\t\t\t\t<div class=\"elementor-element elementor-element-6e7d5fb elementor-widget elementor-widget-spacer\" data-id=\"6e7d5fb\" data-element_type=\"widget\" data-widget_type=\"spacer.default\">\n\t\t\t\t<div class=\"elementor-widget-container\">\n\t\t\t\t\t\t\t<div class=\"elementor-spacer\">\n\t\t\t<div class=\"elementor-spacer-inner\"><\/div>\n\t\t<\/div>\n\t\t\t\t\t\t<\/div>\n\t\t\t\t<\/div>\n\t\t\t\t<div class=\"elementor-element elementor-element-3ddc1d6 elementor-view-stacked elementor-position-left elementor-widget-icon-box wgl-icon-box elementor-shape-circle aleft elementor-widget elementor-widget-wgl-info-box\" data-id=\"3ddc1d6\" data-element_type=\"widget\" data-widget_type=\"wgl-info-box.default\">\n\t\t\t\t<div class=\"elementor-widget-container\">\n\t\t\t\t\t<div class=\"wgl-infobox\"><div class=\"wgl-infobox_wrapper elementor-icon-box-wrapper\"><div class=\"wgl-infobox-icon_wrapper elementor-icon-box-icon\"><div class=\"wgl-infobox-icon_container\"><span class=\"wgl-icon elementor-icon elementor-animation-\" ><i class=\"icon flaticon-correct\"><\/i><\/span><\/div><\/div><div class=\"wgl-infobox-content_wrapper elementor-icon-box-content\"><div class=\"wgl-infobox-title_wrapper\"><h3 class=\"wgl-infobox_title\">Produits speciaux<\/h3><\/div><div class=\"wgl-infobox_content\"><p align=\"JUSTIFY\">Les demandes de produits sp\u00e9ciaux sur commande sont trait\u00e9es par notre personnel permettant d'obtenir un produit exclusif en termes de Tone, Melange et Granulometry.<\/p><\/div><\/div><\/div><\/div>\t\t\t\t<\/div>\n\t\t\t\t<\/div>\n\t\t\t\t<div class=\"elementor-element elementor-element-9388599 elementor-view-stacked elementor-position-left elementor-widget-icon-box wgl-icon-box elementor-shape-circle aleft elementor-widget elementor-widget-wgl-info-box\" data-id=\"9388599\" data-element_type=\"widget\" data-widget_type=\"wgl-info-box.default\">\n\t\t\t\t<div class=\"elementor-widget-container\">\n\t\t\t\t\t<div class=\"wgl-infobox\"><div class=\"wgl-infobox_wrapper elementor-icon-box-wrapper\"><div class=\"wgl-infobox-icon_wrapper elementor-icon-box-icon\"><div class=\"wgl-infobox-icon_container\"><span class=\"wgl-icon elementor-icon elementor-animation-\" ><i class=\"icon flaticon-correct\"><\/i><\/span><\/div><\/div><div class=\"wgl-infobox-content_wrapper elementor-icon-box-content\"><div class=\"wgl-infobox-title_wrapper\"><h3 class=\"wgl-infobox_title\">Contr\u00f4le qualit\u00e9<\/h3><\/div><div class=\"wgl-infobox_content\"><p align=\"JUSTIFY\">De la production \u00e0 l'emballage, le passage du contr\u00f4le qualit\u00e9 est obligatoire ... un laboratoire interne avec des lots d'\u00e9chantillons r\u00e9alis\u00e9s toutes les 15 minutes maintient une densit\u00e9 constante et la courbe granulom\u00e9trique est v\u00e9rifi\u00e9e sur chaque lot de production.<\/p><p><span>\u00a0<\/span><\/p><\/div><\/div><\/div><\/div>\t\t\t\t<\/div>\n\t\t\t\t<\/div>\n\t\t\t\t<div class=\"elementor-element elementor-element-2d0cf43 elementor-view-stacked elementor-position-left elementor-widget-icon-box wgl-icon-box elementor-shape-circle aleft elementor-widget elementor-widget-wgl-info-box\" data-id=\"2d0cf43\" data-element_type=\"widget\" data-widget_type=\"wgl-info-box.default\">\n\t\t\t\t<div class=\"elementor-widget-container\">\n\t\t\t\t\t<div class=\"wgl-infobox\"><div class=\"wgl-infobox_wrapper elementor-icon-box-wrapper\"><div class=\"wgl-infobox-icon_wrapper elementor-icon-box-icon\"><div class=\"wgl-infobox-icon_container\"><span class=\"wgl-icon elementor-icon elementor-animation-\" ><i class=\"icon flaticon-correct\"><\/i><\/span><\/div><\/div><div class=\"wgl-infobox-content_wrapper elementor-icon-box-content\"><div class=\"wgl-infobox-title_wrapper\"><h3 class=\"wgl-infobox_title\">Emballage anonyme<\/h3><\/div><div class=\"wgl-infobox_content\"><p align=\"JUSTIFY\">Pour les distributeurs, nous offrons le service d'emballage anonyme dans des sacs de 25 kg et des Big Bags.<\/p><p><span>\u00a0<\/span><\/p><\/div><\/div><\/div><\/div>\t\t\t\t<\/div>\n\t\t\t\t<\/div>\n\t\t\t\t<div class=\"elementor-element elementor-element-c0b6976 elementor-widget elementor-widget-spacer\" data-id=\"c0b6976\" data-element_type=\"widget\" data-widget_type=\"spacer.default\">\n\t\t\t\t<div class=\"elementor-widget-container\">\n\t\t\t\t\t\t\t<div class=\"elementor-spacer\">\n\t\t\t<div class=\"elementor-spacer-inner\"><\/div>\n\t\t<\/div>\n\t\t\t\t\t\t<\/div>\n\t\t\t\t<\/div>\n\t\t\t\t\t<\/div>\n\t\t<\/div>\n\t\t\t\t\t<\/div>\n\t\t<\/section>\n\t\t\t\t<div class=\"elementor-element elementor-element-97075c7 elementor-widget elementor-widget-spacer\" data-id=\"97075c7\" data-element_type=\"widget\" data-widget_type=\"spacer.default\">\n\t\t\t\t<div class=\"elementor-widget-container\">\n\t\t\t\t\t\t\t<div class=\"elementor-spacer\">\n\t\t\t<div class=\"elementor-spacer-inner\"><\/div>\n\t\t<\/div>\n\t\t\t\t\t\t<\/div>\n\t\t\t\t<\/div>\n\t\t\t\t\t<\/div>\n\t\t<\/div>\n\t\t\t\t\t<\/div>\n\t\t<\/section>\n\t\t\t\t<section class=\"elementor-section elementor-top-section elementor-element elementor-element-c2b9b26 elementor-section-boxed elementor-section-height-default elementor-section-height-default\" data-id=\"c2b9b26\" data-element_type=\"section\">\n\t\t\t\t\t\t<div class=\"elementor-container elementor-column-gap-default\">\n\t\t\t\t\t<div class=\"elementor-column elementor-col-100 elementor-top-column elementor-element elementor-element-2bc2b81\" data-id=\"2bc2b81\" data-element_type=\"column\">\n\t\t\t<div class=\"elementor-widget-wrap elementor-element-populated\">\n\t\t\t\t\t\t<div class=\"elementor-element elementor-element-24dbc19 elementor-widget elementor-widget-spacer\" data-id=\"24dbc19\" data-element_type=\"widget\" data-widget_type=\"spacer.default\">\n\t\t\t\t<div class=\"elementor-widget-container\">\n\t\t\t\t\t\t\t<div class=\"elementor-spacer\">\n\t\t\t<div class=\"elementor-spacer-inner\"><\/div>\n\t\t<\/div>\n\t\t\t\t\t\t<\/div>\n\t\t\t\t<\/div>\n\t\t\t\t\t<\/div>\n\t\t<\/div>\n\t\t\t\t\t<\/div>\n\t\t<\/section>\n\t\t\t\t<section class=\"elementor-section elementor-top-section elementor-element elementor-element-790f7c2 elementor-section-boxed elementor-section-height-default elementor-section-height-default\" data-id=\"790f7c2\" data-element_type=\"section\">\n\t\t\t\t\t\t<div class=\"elementor-container elementor-column-gap-default\">\n\t\t\t\t\t<div class=\"elementor-column elementor-col-100 elementor-top-column elementor-element elementor-element-65d6de8\" data-id=\"65d6de8\" data-element_type=\"column\">\n\t\t\t<div class=\"elementor-widget-wrap\">\n\t\t\t\t\t\t\t<\/div>\n\t\t<\/div>\n\t\t\t\t\t<\/div>\n\t\t<\/section>\n\t\t\t\t<\/div>\n\t\t","protected":false},"excerpt":{"rendered":"<p>Nous r\u00e9pondons \u00e0 tous vos besoins! avec notre poudre de caoutchouc recycl\u00e9 Team Trente ans de passion pour l&#8217;\u00e9conomie verte ne sont pas seulement le slogan de notre entreprise &#8230; nous consid\u00e9rons le vert comme un style de vie et la passion qui nous conduit \u00e0 nous tourner vers un avenir de plus en plus [&hellip;]<\/p>\n","protected":false},"author":1,"featured_media":0,"parent":0,"menu_order":0,"comment_status":"closed","ping_status":"closed","template":"","meta":{"footnotes":""},"class_list":["post-4528","page","type-page","status-publish","hentry"],"_links":{"self":[{"href":"https:\/\/www.recycled-rubber-powder.com\/fr\/wp-json\/wp\/v2\/pages\/4528","targetHints":{"allow":["GET"]}}],"collection":[{"href":"https:\/\/www.recycled-rubber-powder.com\/fr\/wp-json\/wp\/v2\/pages"}],"about":[{"href":"https:\/\/www.recycled-rubber-powder.com\/fr\/wp-json\/wp\/v2\/types\/page"}],"author":[{"embeddable":true,"href":"https:\/\/www.recycled-rubber-powder.com\/fr\/wp-json\/wp\/v2\/users\/1"}],"replies":[{"embeddable":true,"href":"https:\/\/www.recycled-rubber-powder.com\/fr\/wp-json\/wp\/v2\/comments?post=4528"}],"version-history":[{"count":6,"href":"https:\/\/www.recycled-rubber-powder.com\/fr\/wp-json\/wp\/v2\/pages\/4528\/revisions"}],"predecessor-version":[{"id":36585,"href":"https:\/\/www.recycled-rubber-powder.com\/fr\/wp-json\/wp\/v2\/pages\/4528\/revisions\/36585"}],"wp:attachment":[{"href":"https:\/\/www.recycled-rubber-powder.com\/fr\/wp-json\/wp\/v2\/media?parent=4528"}],"curies":[{"name":"wp","href":"https:\/\/api.w.org\/{rel}","templated":true}]}}