{"id":4529,"date":"2020-06-19T17:16:15","date_gmt":"2020-06-19T15:16:15","guid":{"rendered":"https:\/\/www.recycled-rubber-powder.com\/?page_id=4529"},"modified":"2020-06-26T23:09:35","modified_gmt":"2020-06-26T21:09:35","slug":"services","status":"publish","type":"page","link":"https:\/\/www.recycled-rubber-powder.com\/de\/services\/","title":{"rendered":"Services"},"content":{"rendered":"\t\t<div data-elementor-type=\"wp-page\" data-elementor-id=\"4529\" class=\"elementor elementor-4529\">\n\t\t\t\t\t\t<section class=\"elementor-section elementor-top-section elementor-element elementor-element-5f1a461 elementor-section-boxed elementor-section-height-default elementor-section-height-default\" data-id=\"5f1a461\" data-element_type=\"section\">\n\t\t\t\t\t\t<div class=\"elementor-container elementor-column-gap-default\">\n\t\t\t\t\t<div class=\"elementor-column elementor-col-100 elementor-top-column elementor-element elementor-element-01f84be\" data-id=\"01f84be\" data-element_type=\"column\">\n\t\t\t<div class=\"elementor-widget-wrap elementor-element-populated\">\n\t\t\t\t\t\t<div class=\"elementor-element elementor-element-566d398 divider_yes elementor-widget elementor-widget-wgl-double-headings\" data-id=\"566d398\" data-element_type=\"widget\" data-widget_type=\"wgl-double-headings.default\">\n\t\t\t\t<div class=\"elementor-widget-container\">\n\t\t\t\t\t<div class=\"wgl-double_heading acenter\">\t\t\t\t<h3 class=\"dbl-title_wrapper\"><span class=\"dbl-title dbl-title_1\">Service<\/span> \t\t\t\t<\/h3><span class=\"dbl-title dbl-bg_text\">Service<\/span> \t\t<\/div>\t\t\t\t<\/div>\n\t\t\t\t<\/div>\n\t\t\t\t\t<\/div>\n\t\t<\/div>\n\t\t\t\t\t<\/div>\n\t\t<\/section>\n\t\t\t\t<section class=\"elementor-section elementor-top-section elementor-element elementor-element-118e99a elementor-section-boxed elementor-section-height-default elementor-section-height-default\" data-id=\"118e99a\" data-element_type=\"section\">\n\t\t\t\t\t\t<div class=\"elementor-container elementor-column-gap-default\">\n\t\t\t\t\t<div class=\"elementor-column elementor-col-100 elementor-top-column elementor-element elementor-element-46985c0\" data-id=\"46985c0\" data-element_type=\"column\">\n\t\t\t<div class=\"elementor-widget-wrap elementor-element-populated\">\n\t\t\t\t\t\t<div class=\"elementor-element elementor-element-d43c4d0 elementor-widget elementor-widget-spacer\" data-id=\"d43c4d0\" data-element_type=\"widget\" data-widget_type=\"spacer.default\">\n\t\t\t\t<div class=\"elementor-widget-container\">\n\t\t\t\t\t\t\t<div class=\"elementor-spacer\">\n\t\t\t<div class=\"elementor-spacer-inner\"><\/div>\n\t\t<\/div>\n\t\t\t\t\t\t<\/div>\n\t\t\t\t<\/div>\n\t\t\t\t\t<\/div>\n\t\t<\/div>\n\t\t\t\t\t<\/div>\n\t\t<\/section>\n\t\t\t\t<section class=\"elementor-section elementor-top-section elementor-element elementor-element-3dbcebc elementor-section-boxed elementor-section-height-default elementor-section-height-default\" data-id=\"3dbcebc\" data-element_type=\"section\">\n\t\t\t\t\t\t<div class=\"elementor-container elementor-column-gap-default\">\n\t\t\t\t\t<div class=\"elementor-column elementor-col-100 elementor-top-column elementor-element elementor-element-e761c38\" data-id=\"e761c38\" data-element_type=\"column\">\n\t\t\t<div class=\"elementor-widget-wrap elementor-element-populated\">\n\t\t\t\t\t\t<div class=\"elementor-element elementor-element-86fa8cb elementor-widget elementor-widget-spacer\" data-id=\"86fa8cb\" data-element_type=\"widget\" data-widget_type=\"spacer.default\">\n\t\t\t\t<div class=\"elementor-widget-container\">\n\t\t\t\t\t\t\t<div class=\"elementor-spacer\">\n\t\t\t<div class=\"elementor-spacer-inner\"><\/div>\n\t\t<\/div>\n\t\t\t\t\t\t<\/div>\n\t\t\t\t<\/div>\n\t\t\t\t\t<\/div>\n\t\t<\/div>\n\t\t\t\t\t<\/div>\n\t\t<\/section>\n\t\t\t\t<section class=\"elementor-section elementor-top-section elementor-element elementor-element-fe8a42f elementor-section-boxed elementor-section-height-default elementor-section-height-default\" data-id=\"fe8a42f\" data-element_type=\"section\" data-settings=\"{&quot;background_background&quot;:&quot;classic&quot;}\">\n\t\t\t\t\t\t<div class=\"elementor-container elementor-column-gap-extended\">\n\t\t\t\t\t<div class=\"elementor-column elementor-col-50 elementor-top-column elementor-element elementor-element-c060c71\" data-id=\"c060c71\" data-element_type=\"column\">\n\t\t\t<div class=\"elementor-widget-wrap elementor-element-populated\">\n\t\t\t\t\t\t<div class=\"elementor-element elementor-element-311e257 elementor-widget elementor-widget-image\" data-id=\"311e257\" data-element_type=\"widget\" data-widget_type=\"image.default\">\n\t\t\t\t<div class=\"elementor-widget-container\">\n\t\t\t\t\t\t\t\t\t\t\t\t\t\t\t<img fetchpriority=\"high\" decoding=\"async\" width=\"1200\" height=\"818\" src=\"https:\/\/www.recycled-rubber-powder.com\/wp-content\/uploads\/2020\/06\/OFFICE-2_small.jpg\" class=\"attachment-full size-full wp-image-35993\" alt=\"Prismi rubber powder office\" srcset=\"https:\/\/www.recycled-rubber-powder.com\/wp-content\/uploads\/2020\/06\/OFFICE-2_small.jpg 1200w, https:\/\/www.recycled-rubber-powder.com\/wp-content\/uploads\/2020\/06\/OFFICE-2_small-300x205.jpg 300w, https:\/\/www.recycled-rubber-powder.com\/wp-content\/uploads\/2020\/06\/OFFICE-2_small-1024x698.jpg 1024w, https:\/\/www.recycled-rubber-powder.com\/wp-content\/uploads\/2020\/06\/OFFICE-2_small-768x524.jpg 768w\" sizes=\"(max-width: 1200px) 100vw, 1200px\" \/>\t\t\t\t\t\t\t\t\t\t\t\t\t\t\t<\/div>\n\t\t\t\t<\/div>\n\t\t\t\t\t<\/div>\n\t\t<\/div>\n\t\t\t\t<div class=\"elementor-column elementor-col-50 elementor-top-column elementor-element elementor-element-4ab592e\" data-id=\"4ab592e\" data-element_type=\"column\">\n\t\t\t<div class=\"elementor-widget-wrap elementor-element-populated\">\n\t\t\t\t\t\t<div class=\"elementor-element elementor-element-cb4fbc5 elementor-widget elementor-widget-spacer\" data-id=\"cb4fbc5\" data-element_type=\"widget\" data-widget_type=\"spacer.default\">\n\t\t\t\t<div class=\"elementor-widget-container\">\n\t\t\t\t\t\t\t<div class=\"elementor-spacer\">\n\t\t\t<div class=\"elementor-spacer-inner\"><\/div>\n\t\t<\/div>\n\t\t\t\t\t\t<\/div>\n\t\t\t\t<\/div>\n\t\t\t\t<div class=\"elementor-element elementor-element-bc37fb2 divider_yes elementor-widget elementor-widget-wgl-double-headings\" data-id=\"bc37fb2\" data-element_type=\"widget\" data-widget_type=\"wgl-double-headings.default\">\n\t\t\t\t<div class=\"elementor-widget-container\">\n\t\t\t\t\t<div class=\"wgl-double_heading aleft\">\t\t\t\t<h3 class=\"dbl-title_wrapper\"><span class=\"dbl-title dbl-title_1\">Wir pulverisieren ihre Verschnitte ! <\/span> \t\t\t\t<\/h3>\t\t<\/div>\t\t\t\t<\/div>\n\t\t\t\t<\/div>\n\t\t\t\t<div class=\"elementor-element elementor-element-0bdc144 elementor-widget elementor-widget-text-editor\" data-id=\"0bdc144\" data-element_type=\"widget\" data-widget_type=\"text-editor.default\">\n\t\t\t\t<div class=\"elementor-widget-container\">\n\t\t\t\t\t\t\t\t\t<p>Innovation ist der Geist, mit dem wir uns unserer Arbeit immer stellen. Wir sind ein Team, das sich um die neuen<br \/>Verwertungsvorschl\u00e4ge k\u00fcmmert, und wir helfen dem Kunden bei<br \/>der Wiederverwendung seiner Abfallprodukte.<br \/>Der Industrietestservice ist nach seiner Programmierung in unserem Werk erh\u00e4ltlich.<br \/>Korngr\u00f6\u00dfen- und Dichteanalysen werden direkt in unserem Labor<br \/>gemacht und die Test-Verarbeitungskarte sowie der Produktionsmuster Teil werden in unseren Archiven registriert. <\/p>\t\t\t\t\t\t\t\t<\/div>\n\t\t\t\t<\/div>\n\t\t\t\t<div class=\"elementor-element elementor-element-ff8dd49 elementor-widget elementor-widget-spacer\" data-id=\"ff8dd49\" data-element_type=\"widget\" data-widget_type=\"spacer.default\">\n\t\t\t\t<div class=\"elementor-widget-container\">\n\t\t\t\t\t\t\t<div class=\"elementor-spacer\">\n\t\t\t<div class=\"elementor-spacer-inner\"><\/div>\n\t\t<\/div>\n\t\t\t\t\t\t<\/div>\n\t\t\t\t<\/div>\n\t\t\t\t\t<\/div>\n\t\t<\/div>\n\t\t\t\t\t<\/div>\n\t\t<\/section>\n\t\t\t\t<section class=\"elementor-section elementor-top-section elementor-element elementor-element-4b55594 elementor-section-boxed elementor-section-height-default elementor-section-height-default\" data-id=\"4b55594\" data-element_type=\"section\">\n\t\t\t\t\t\t<div class=\"elementor-container elementor-column-gap-default\">\n\t\t\t\t\t<div class=\"elementor-column elementor-col-100 elementor-top-column elementor-element elementor-element-f4aed82\" data-id=\"f4aed82\" data-element_type=\"column\">\n\t\t\t<div class=\"elementor-widget-wrap elementor-element-populated\">\n\t\t\t\t\t\t<div class=\"elementor-element elementor-element-1590323 elementor-widget elementor-widget-spacer\" data-id=\"1590323\" data-element_type=\"widget\" data-widget_type=\"spacer.default\">\n\t\t\t\t<div class=\"elementor-widget-container\">\n\t\t\t\t\t\t\t<div class=\"elementor-spacer\">\n\t\t\t<div class=\"elementor-spacer-inner\"><\/div>\n\t\t<\/div>\n\t\t\t\t\t\t<\/div>\n\t\t\t\t<\/div>\n\t\t\t\t\t<\/div>\n\t\t<\/div>\n\t\t\t\t\t<\/div>\n\t\t<\/section>\n\t\t\t\t<section class=\"elementor-section elementor-top-section elementor-element elementor-element-a264d48 elementor-section-boxed elementor-section-height-default elementor-section-height-default\" data-id=\"a264d48\" data-element_type=\"section\" data-settings=\"{&quot;background_background&quot;:&quot;classic&quot;}\">\n\t\t\t\t\t\t<div class=\"elementor-container elementor-column-gap-extended\">\n\t\t\t\t\t<div class=\"elementor-column elementor-col-50 elementor-top-column elementor-element elementor-element-4dac1bd\" data-id=\"4dac1bd\" data-element_type=\"column\">\n\t\t\t<div class=\"elementor-widget-wrap elementor-element-populated\">\n\t\t\t\t\t\t<div class=\"elementor-element elementor-element-21d60fd elementor-widget elementor-widget-spacer\" data-id=\"21d60fd\" data-element_type=\"widget\" data-widget_type=\"spacer.default\">\n\t\t\t\t<div class=\"elementor-widget-container\">\n\t\t\t\t\t\t\t<div class=\"elementor-spacer\">\n\t\t\t<div class=\"elementor-spacer-inner\"><\/div>\n\t\t<\/div>\n\t\t\t\t\t\t<\/div>\n\t\t\t\t<\/div>\n\t\t\t\t<div class=\"elementor-element elementor-element-5003e61 divider_yes elementor-widget elementor-widget-wgl-double-headings\" data-id=\"5003e61\" data-element_type=\"widget\" data-widget_type=\"wgl-double-headings.default\">\n\t\t\t\t<div class=\"elementor-widget-container\">\n\t\t\t\t\t<div class=\"wgl-double_heading aleft\">\t\t\t\t<h3 class=\"dbl-title_wrapper\"><span class=\"dbl-title dbl-title_1\">After sales service<\/span> \t\t\t\t<\/h3>\t\t<\/div>\t\t\t\t<\/div>\n\t\t\t\t<\/div>\n\t\t\t\t<div class=\"elementor-element elementor-element-3ce38b6 elementor-widget elementor-widget-text-editor\" data-id=\"3ce38b6\" data-element_type=\"widget\" data-widget_type=\"text-editor.default\">\n\t\t\t\t<div class=\"elementor-widget-container\">\n\t\t\t\t\t\t\t\t\t<p>Instruction on the installation of the product&#8230; the customer must never feel alone in carrying out the installation. We offer Service Manuals where possible for the correct use of our products. <br \/>The technical data sheets of each individual product that you can download after logging in, allow you to have useful data for choosing for the application.<\/p>\t\t\t\t\t\t\t\t<\/div>\n\t\t\t\t<\/div>\n\t\t\t\t\t<\/div>\n\t\t<\/div>\n\t\t\t\t<div class=\"elementor-column elementor-col-50 elementor-top-column elementor-element elementor-element-025d059\" data-id=\"025d059\" data-element_type=\"column\">\n\t\t\t<div class=\"elementor-widget-wrap elementor-element-populated\">\n\t\t\t\t\t\t<div class=\"elementor-element elementor-element-694dc76 elementor-widget elementor-widget-spacer\" data-id=\"694dc76\" data-element_type=\"widget\" data-widget_type=\"spacer.default\">\n\t\t\t\t<div class=\"elementor-widget-container\">\n\t\t\t\t\t\t\t<div class=\"elementor-spacer\">\n\t\t\t<div class=\"elementor-spacer-inner\"><\/div>\n\t\t<\/div>\n\t\t\t\t\t\t<\/div>\n\t\t\t\t<\/div>\n\t\t\t\t<div class=\"elementor-element elementor-element-9ba0748 elementor-widget elementor-widget-spacer\" data-id=\"9ba0748\" data-element_type=\"widget\" data-widget_type=\"spacer.default\">\n\t\t\t\t<div class=\"elementor-widget-container\">\n\t\t\t\t\t\t\t<div class=\"elementor-spacer\">\n\t\t\t<div class=\"elementor-spacer-inner\"><\/div>\n\t\t<\/div>\n\t\t\t\t\t\t<\/div>\n\t\t\t\t<\/div>\n\t\t\t\t<div class=\"elementor-element elementor-element-161014e elementor-widget elementor-widget-image\" data-id=\"161014e\" data-element_type=\"widget\" data-widget_type=\"image.default\">\n\t\t\t\t<div class=\"elementor-widget-container\">\n\t\t\t\t\t\t\t\t\t\t\t\t\t\t\t<img decoding=\"async\" width=\"383\" height=\"219\" src=\"https:\/\/www.recycled-rubber-powder.com\/wp-content\/uploads\/2020\/06\/Immagine-1.jpg\" class=\"attachment-full size-full wp-image-35988\" alt=\"Prismi service recycling rubber powder\" srcset=\"https:\/\/www.recycled-rubber-powder.com\/wp-content\/uploads\/2020\/06\/Immagine-1.jpg 383w, https:\/\/www.recycled-rubber-powder.com\/wp-content\/uploads\/2020\/06\/Immagine-1-300x172.jpg 300w\" sizes=\"(max-width: 383px) 100vw, 383px\" \/>\t\t\t\t\t\t\t\t\t\t\t\t\t\t\t<\/div>\n\t\t\t\t<\/div>\n\t\t\t\t\t<\/div>\n\t\t<\/div>\n\t\t\t\t\t<\/div>\n\t\t<\/section>\n\t\t\t\t<section class=\"elementor-section elementor-top-section elementor-element elementor-element-e270252 elementor-section-stretched elementor-section-boxed elementor-section-height-default elementor-section-height-default\" data-id=\"e270252\" data-element_type=\"section\" data-settings=\"{&quot;stretch_section&quot;:&quot;section-stretched&quot;,&quot;background_background&quot;:&quot;classic&quot;}\">\n\t\t\t\t\t\t<div class=\"elementor-container elementor-column-gap-default\">\n\t\t\t\t\t<div class=\"elementor-column elementor-col-100 elementor-top-column elementor-element elementor-element-d5bede1\" data-id=\"d5bede1\" data-element_type=\"column\">\n\t\t\t<div class=\"elementor-widget-wrap elementor-element-populated\">\n\t\t\t\t\t\t<div class=\"elementor-element elementor-element-9e67035 elementor-widget elementor-widget-spacer\" data-id=\"9e67035\" data-element_type=\"widget\" data-widget_type=\"spacer.default\">\n\t\t\t\t<div class=\"elementor-widget-container\">\n\t\t\t\t\t\t\t<div class=\"elementor-spacer\">\n\t\t\t<div class=\"elementor-spacer-inner\"><\/div>\n\t\t<\/div>\n\t\t\t\t\t\t<\/div>\n\t\t\t\t<\/div>\n\t\t\t\t\t<\/div>\n\t\t<\/div>\n\t\t\t\t\t<\/div>\n\t\t<\/section>\n\t\t\t\t<\/div>\n\t\t","protected":false},"excerpt":{"rendered":"<p>Service Service Wir pulverisieren ihre Verschnitte ! Innovation ist der Geist, mit dem wir uns unserer Arbeit immer stellen. Wir sind ein Team, das sich um die neuen Verwertungsvorschl\u00e4ge k\u00fcmmert, und wir helfen dem Kunden bei der Wiederverwendung seiner Abfallprodukte. Der Industrietestservice ist nach seiner Programmierung in unserem Werk erh\u00e4ltlich. Korngr\u00f6\u00dfen- und Dichteanalysen werden direkt [&hellip;]<\/p>\n","protected":false},"author":1,"featured_media":0,"parent":0,"menu_order":0,"comment_status":"closed","ping_status":"closed","template":"","meta":{"footnotes":""},"class_list":["post-4529","page","type-page","status-publish","hentry"],"_links":{"self":[{"href":"https:\/\/www.recycled-rubber-powder.com\/de\/wp-json\/wp\/v2\/pages\/4529","targetHints":{"allow":["GET"]}}],"collection":[{"href":"https:\/\/www.recycled-rubber-powder.com\/de\/wp-json\/wp\/v2\/pages"}],"about":[{"href":"https:\/\/www.recycled-rubber-powder.com\/de\/wp-json\/wp\/v2\/types\/page"}],"author":[{"embeddable":true,"href":"https:\/\/www.recycled-rubber-powder.com\/de\/wp-json\/wp\/v2\/users\/1"}],"replies":[{"embeddable":true,"href":"https:\/\/www.recycled-rubber-powder.com\/de\/wp-json\/wp\/v2\/comments?post=4529"}],"version-history":[{"count":4,"href":"https:\/\/www.recycled-rubber-powder.com\/de\/wp-json\/wp\/v2\/pages\/4529\/revisions"}],"predecessor-version":[{"id":36199,"href":"https:\/\/www.recycled-rubber-powder.com\/de\/wp-json\/wp\/v2\/pages\/4529\/revisions\/36199"}],"wp:attachment":[{"href":"https:\/\/www.recycled-rubber-powder.com\/de\/wp-json\/wp\/v2\/media?parent=4529"}],"curies":[{"name":"wp","href":"https:\/\/api.w.org\/{rel}","templated":true}]}}