{"id":4527,"date":"2020-06-19T17:15:23","date_gmt":"2020-06-19T15:15:23","guid":{"rendered":"https:\/\/www.recycled-rubber-powder.com\/?page_id=4527"},"modified":"2020-07-13T08:06:20","modified_gmt":"2020-07-13T06:06:20","slug":"our-team","status":"publish","type":"page","link":"https:\/\/www.recycled-rubber-powder.com\/de\/our-team\/","title":{"rendered":"Our Team"},"content":{"rendered":"\t\t<div data-elementor-type=\"wp-page\" data-elementor-id=\"4527\" class=\"elementor elementor-4527\">\n\t\t\t\t\t\t<section class=\"elementor-section elementor-top-section elementor-element elementor-element-724b1a5 elementor-section-stretched elementor-section-boxed elementor-section-height-default elementor-section-height-default\" data-id=\"724b1a5\" data-element_type=\"section\" data-settings=\"{&quot;stretch_section&quot;:&quot;section-stretched&quot;,&quot;background_background&quot;:&quot;classic&quot;}\">\n\t\t\t\t\t\t<div class=\"elementor-container elementor-column-gap-default\">\n\t\t\t\t\t<div class=\"elementor-column elementor-col-100 elementor-top-column elementor-element elementor-element-421bb87\" data-id=\"421bb87\" data-element_type=\"column\">\n\t\t\t<div class=\"elementor-widget-wrap elementor-element-populated\">\n\t\t\t\t\t\t<div class=\"elementor-element elementor-element-1ead078 elementor-widget elementor-widget-image\" data-id=\"1ead078\" data-element_type=\"widget\" data-widget_type=\"image.default\">\n\t\t\t\t<div class=\"elementor-widget-container\">\n\t\t\t\t\t\t\t\t\t\t\t\t\t\t\t<img fetchpriority=\"high\" decoding=\"async\" width=\"773\" height=\"257\" src=\"https:\/\/www.recycled-rubber-powder.com\/wp-content\/uploads\/2020\/04\/BANNER-PAGINA-TEAM.jpg\" class=\"attachment-large size-large wp-image-2788\" alt=\"\" srcset=\"https:\/\/www.recycled-rubber-powder.com\/wp-content\/uploads\/2020\/04\/BANNER-PAGINA-TEAM.jpg 773w, https:\/\/www.recycled-rubber-powder.com\/wp-content\/uploads\/2020\/04\/BANNER-PAGINA-TEAM-300x100.jpg 300w, https:\/\/www.recycled-rubber-powder.com\/wp-content\/uploads\/2020\/04\/BANNER-PAGINA-TEAM-768x255.jpg 768w\" sizes=\"(max-width: 773px) 100vw, 773px\" \/>\t\t\t\t\t\t\t\t\t\t\t\t\t\t\t<\/div>\n\t\t\t\t<\/div>\n\t\t\t\t<section class=\"elementor-section elementor-inner-section elementor-element elementor-element-970a68b elementor-section-boxed elementor-section-height-default elementor-section-height-default\" data-id=\"970a68b\" data-element_type=\"section\">\n\t\t\t\t\t\t<div class=\"elementor-container elementor-column-gap-default\">\n\t\t\t\t\t<div class=\"elementor-column elementor-col-50 elementor-inner-column elementor-element elementor-element-57f1de9\" data-id=\"57f1de9\" data-element_type=\"column\">\n\t\t\t<div class=\"elementor-widget-wrap elementor-element-populated\">\n\t\t\t\t\t\t<div class=\"elementor-element elementor-element-9f22619 elementor-widget elementor-widget-spacer\" data-id=\"9f22619\" data-element_type=\"widget\" data-widget_type=\"spacer.default\">\n\t\t\t\t<div class=\"elementor-widget-container\">\n\t\t\t\t\t\t\t<div class=\"elementor-spacer\">\n\t\t\t<div class=\"elementor-spacer-inner\"><\/div>\n\t\t<\/div>\n\t\t\t\t\t\t<\/div>\n\t\t\t\t<\/div>\n\t\t\t\t<div class=\"elementor-element elementor-element-055a0f1 divider_yes elementor-widget elementor-widget-wgl-double-headings\" data-id=\"055a0f1\" data-element_type=\"widget\" data-widget_type=\"wgl-double-headings.default\">\n\t\t\t\t<div class=\"elementor-widget-container\">\n\t\t\t\t\t<div class=\"wgl-double_heading aleft\">\t\t\t\t<h2 class=\"dbl-title_wrapper\"><span class=\"dbl-title dbl-title_1\">Wir erf\u00fcllen alle Ihre Bed\u00fcrfnisse!Mit unserem Gummipulververfahren<\/span> \t\t\t\t<\/h2><span class=\"dbl-title dbl-bg_text\">Team<\/span> \t\t<\/div>\t\t\t\t<\/div>\n\t\t\t\t<\/div>\n\t\t\t\t<div class=\"elementor-element elementor-element-28461e5 elementor-widget elementor-widget-text-editor\" data-id=\"28461e5\" data-element_type=\"widget\" data-widget_type=\"text-editor.default\">\n\t\t\t\t<div class=\"elementor-widget-container\">\n\t\t\t\t\t\t\t\t\t<p align=\"JUSTIFY\">Drei\u00dfig Jahre Leidenschaft f\u00fcr die gr\u00fcne Wirtschaft sind nicht nur das Motto unseres Unternehmens. Wir betrachten Gr\u00fcn als Lebensstil und die Leidenschaft dazu f\u00fchrt uns zu einer Zukunft, die zunehmend voller \u00f6kologisch nachhaltiger Ressourcen ist.<\/p><p><img decoding=\"async\" class=\"alignnone wp-image-2448\" src=\"http:\/\/tires.amsweb.it\/wp-content\/uploads\/2020\/04\/certificato-300x213.jpg\" alt=\"\" width=\"600\" height=\"427\" srcset=\"https:\/\/www.recycled-rubber-powder.com\/wp-content\/uploads\/2020\/04\/certificato-300x213.jpg 300w, https:\/\/www.recycled-rubber-powder.com\/wp-content\/uploads\/2020\/04\/certificato-1024x728.jpg 1024w, https:\/\/www.recycled-rubber-powder.com\/wp-content\/uploads\/2020\/04\/certificato-768x546.jpg 768w, https:\/\/www.recycled-rubber-powder.com\/wp-content\/uploads\/2020\/04\/certificato-1080x768.jpg 1080w, https:\/\/www.recycled-rubber-powder.com\/wp-content\/uploads\/2020\/04\/certificato.jpg 1246w\" sizes=\"(max-width: 600px) 100vw, 600px\" \/><\/p>\t\t\t\t\t\t\t\t<\/div>\n\t\t\t\t<\/div>\n\t\t\t\t\t<\/div>\n\t\t<\/div>\n\t\t\t\t<div class=\"elementor-column elementor-col-50 elementor-inner-column elementor-element elementor-element-464ef10\" data-id=\"464ef10\" data-element_type=\"column\" data-settings=\"{&quot;background_background&quot;:&quot;classic&quot;}\">\n\t\t\t<div class=\"elementor-widget-wrap elementor-element-populated\">\n\t\t\t\t\t\t<div class=\"elementor-element elementor-element-6e7d5fb elementor-widget elementor-widget-spacer\" data-id=\"6e7d5fb\" data-element_type=\"widget\" data-widget_type=\"spacer.default\">\n\t\t\t\t<div class=\"elementor-widget-container\">\n\t\t\t\t\t\t\t<div class=\"elementor-spacer\">\n\t\t\t<div class=\"elementor-spacer-inner\"><\/div>\n\t\t<\/div>\n\t\t\t\t\t\t<\/div>\n\t\t\t\t<\/div>\n\t\t\t\t<div class=\"elementor-element elementor-element-3ddc1d6 elementor-view-stacked elementor-position-left elementor-widget-icon-box wgl-icon-box elementor-shape-circle aleft elementor-widget elementor-widget-wgl-info-box\" data-id=\"3ddc1d6\" data-element_type=\"widget\" data-widget_type=\"wgl-info-box.default\">\n\t\t\t\t<div class=\"elementor-widget-container\">\n\t\t\t\t\t<div class=\"wgl-infobox\"><div class=\"wgl-infobox_wrapper elementor-icon-box-wrapper\"><div class=\"wgl-infobox-icon_wrapper elementor-icon-box-icon\"><div class=\"wgl-infobox-icon_container\"><span class=\"wgl-icon elementor-icon elementor-animation-\" ><i class=\"icon flaticon-correct\"><\/i><\/span><\/div><\/div><div class=\"wgl-infobox-content_wrapper elementor-icon-box-content\"><div class=\"wgl-infobox-title_wrapper\"><h3 class=\"wgl-infobox_title\">Spezielle Produkte<\/h3><\/div><div class=\"wgl-infobox_content\"><p align=\"JUSTIFY\">Anfragen f\u00fcr spezielle Produkte auf Provision werden von unseren Mitarbeitern bearbeitet, um ein exklusives Produkt in Bezug auf Ton, Melange und Granulometrie zu erhalten.<\/p><\/div><\/div><\/div><\/div>\t\t\t\t<\/div>\n\t\t\t\t<\/div>\n\t\t\t\t<div class=\"elementor-element elementor-element-9388599 elementor-view-stacked elementor-position-left elementor-widget-icon-box wgl-icon-box elementor-shape-circle aleft elementor-widget elementor-widget-wgl-info-box\" data-id=\"9388599\" data-element_type=\"widget\" data-widget_type=\"wgl-info-box.default\">\n\t\t\t\t<div class=\"elementor-widget-container\">\n\t\t\t\t\t<div class=\"wgl-infobox\"><div class=\"wgl-infobox_wrapper elementor-icon-box-wrapper\"><div class=\"wgl-infobox-icon_wrapper elementor-icon-box-icon\"><div class=\"wgl-infobox-icon_container\"><span class=\"wgl-icon elementor-icon elementor-animation-\" ><i class=\"icon flaticon-correct\"><\/i><\/span><\/div><\/div><div class=\"wgl-infobox-content_wrapper elementor-icon-box-content\"><div class=\"wgl-infobox-title_wrapper\"><h3 class=\"wgl-infobox_title\">Qualit\u00e4tspr\u00fcfung<\/h3><\/div><div class=\"wgl-infobox_content\"><p align=\"JUSTIFY\">Von der Produktion bis zur Verpackung ist die Qualit\u00e4tskontrolle obligatorisch ... Ein internes Labor mit Chargenproben, die alle 15 Minuten durchgef\u00fchrt werden, h\u00e4lt die Dichte konstant und die granulometrische Kurve wird f\u00fcr jede Produktionscharge \u00fcberpr\u00fcft.<\/p><p><span>\u00a0<\/span><\/p><\/div><\/div><\/div><\/div>\t\t\t\t<\/div>\n\t\t\t\t<\/div>\n\t\t\t\t<div class=\"elementor-element elementor-element-2d0cf43 elementor-view-stacked elementor-position-left elementor-widget-icon-box wgl-icon-box elementor-shape-circle aleft elementor-widget elementor-widget-wgl-info-box\" data-id=\"2d0cf43\" data-element_type=\"widget\" data-widget_type=\"wgl-info-box.default\">\n\t\t\t\t<div class=\"elementor-widget-container\">\n\t\t\t\t\t<div class=\"wgl-infobox\"><div class=\"wgl-infobox_wrapper elementor-icon-box-wrapper\"><div class=\"wgl-infobox-icon_wrapper elementor-icon-box-icon\"><div class=\"wgl-infobox-icon_container\"><span class=\"wgl-icon elementor-icon elementor-animation-\" ><i class=\"icon flaticon-correct\"><\/i><\/span><\/div><\/div><div class=\"wgl-infobox-content_wrapper elementor-icon-box-content\"><div class=\"wgl-infobox-title_wrapper\"><h3 class=\"wgl-infobox_title\">Anonyme Verpackung<\/h3><\/div><div class=\"wgl-infobox_content\"><p align=\"JUSTIFY\">F\u00fcr H\u00e4ndler bieten wir den anonymen Verpackungsservice sowohl in 25-kg-S\u00e4cken als auch in Big-Bags an.<\/p><p><span>\u00a0<\/span><\/p><\/div><\/div><\/div><\/div>\t\t\t\t<\/div>\n\t\t\t\t<\/div>\n\t\t\t\t<div class=\"elementor-element elementor-element-c0b6976 elementor-widget elementor-widget-spacer\" data-id=\"c0b6976\" data-element_type=\"widget\" data-widget_type=\"spacer.default\">\n\t\t\t\t<div class=\"elementor-widget-container\">\n\t\t\t\t\t\t\t<div class=\"elementor-spacer\">\n\t\t\t<div class=\"elementor-spacer-inner\"><\/div>\n\t\t<\/div>\n\t\t\t\t\t\t<\/div>\n\t\t\t\t<\/div>\n\t\t\t\t\t<\/div>\n\t\t<\/div>\n\t\t\t\t\t<\/div>\n\t\t<\/section>\n\t\t\t\t<div class=\"elementor-element elementor-element-97075c7 elementor-widget elementor-widget-spacer\" data-id=\"97075c7\" data-element_type=\"widget\" data-widget_type=\"spacer.default\">\n\t\t\t\t<div class=\"elementor-widget-container\">\n\t\t\t\t\t\t\t<div class=\"elementor-spacer\">\n\t\t\t<div class=\"elementor-spacer-inner\"><\/div>\n\t\t<\/div>\n\t\t\t\t\t\t<\/div>\n\t\t\t\t<\/div>\n\t\t\t\t\t<\/div>\n\t\t<\/div>\n\t\t\t\t\t<\/div>\n\t\t<\/section>\n\t\t\t\t<section class=\"elementor-section elementor-top-section elementor-element elementor-element-c2b9b26 elementor-section-boxed elementor-section-height-default elementor-section-height-default\" data-id=\"c2b9b26\" data-element_type=\"section\">\n\t\t\t\t\t\t<div class=\"elementor-container elementor-column-gap-default\">\n\t\t\t\t\t<div class=\"elementor-column elementor-col-100 elementor-top-column elementor-element elementor-element-2bc2b81\" data-id=\"2bc2b81\" data-element_type=\"column\">\n\t\t\t<div class=\"elementor-widget-wrap elementor-element-populated\">\n\t\t\t\t\t\t<div class=\"elementor-element elementor-element-24dbc19 elementor-widget elementor-widget-spacer\" data-id=\"24dbc19\" data-element_type=\"widget\" data-widget_type=\"spacer.default\">\n\t\t\t\t<div class=\"elementor-widget-container\">\n\t\t\t\t\t\t\t<div class=\"elementor-spacer\">\n\t\t\t<div class=\"elementor-spacer-inner\"><\/div>\n\t\t<\/div>\n\t\t\t\t\t\t<\/div>\n\t\t\t\t<\/div>\n\t\t\t\t\t<\/div>\n\t\t<\/div>\n\t\t\t\t\t<\/div>\n\t\t<\/section>\n\t\t\t\t<section class=\"elementor-section elementor-top-section elementor-element elementor-element-790f7c2 elementor-section-boxed elementor-section-height-default elementor-section-height-default\" data-id=\"790f7c2\" data-element_type=\"section\">\n\t\t\t\t\t\t<div class=\"elementor-container elementor-column-gap-default\">\n\t\t\t\t\t<div class=\"elementor-column elementor-col-100 elementor-top-column elementor-element elementor-element-65d6de8\" data-id=\"65d6de8\" data-element_type=\"column\">\n\t\t\t<div class=\"elementor-widget-wrap\">\n\t\t\t\t\t\t\t<\/div>\n\t\t<\/div>\n\t\t\t\t\t<\/div>\n\t\t<\/section>\n\t\t\t\t<\/div>\n\t\t","protected":false},"excerpt":{"rendered":"<p>Wir erf\u00fcllen alle Ihre Bed\u00fcrfnisse!Mit unserem Gummipulververfahren Team Drei\u00dfig Jahre Leidenschaft f\u00fcr die gr\u00fcne Wirtschaft sind nicht nur das Motto unseres Unternehmens. Wir betrachten Gr\u00fcn als Lebensstil und die Leidenschaft dazu f\u00fchrt uns zu einer Zukunft, die zunehmend voller \u00f6kologisch nachhaltiger Ressourcen ist. Spezielle Produkte Anfragen f\u00fcr spezielle Produkte auf Provision werden von unseren Mitarbeitern [&hellip;]<\/p>\n","protected":false},"author":1,"featured_media":0,"parent":0,"menu_order":0,"comment_status":"closed","ping_status":"closed","template":"","meta":{"footnotes":""},"class_list":["post-4527","page","type-page","status-publish","hentry"],"_links":{"self":[{"href":"https:\/\/www.recycled-rubber-powder.com\/de\/wp-json\/wp\/v2\/pages\/4527","targetHints":{"allow":["GET"]}}],"collection":[{"href":"https:\/\/www.recycled-rubber-powder.com\/de\/wp-json\/wp\/v2\/pages"}],"about":[{"href":"https:\/\/www.recycled-rubber-powder.com\/de\/wp-json\/wp\/v2\/types\/page"}],"author":[{"embeddable":true,"href":"https:\/\/www.recycled-rubber-powder.com\/de\/wp-json\/wp\/v2\/users\/1"}],"replies":[{"embeddable":true,"href":"https:\/\/www.recycled-rubber-powder.com\/de\/wp-json\/wp\/v2\/comments?post=4527"}],"version-history":[{"count":6,"href":"https:\/\/www.recycled-rubber-powder.com\/de\/wp-json\/wp\/v2\/pages\/4527\/revisions"}],"predecessor-version":[{"id":36581,"href":"https:\/\/www.recycled-rubber-powder.com\/de\/wp-json\/wp\/v2\/pages\/4527\/revisions\/36581"}],"wp:attachment":[{"href":"https:\/\/www.recycled-rubber-powder.com\/de\/wp-json\/wp\/v2\/media?parent=4527"}],"curies":[{"name":"wp","href":"https:\/\/api.w.org\/{rel}","templated":true}]}}